{"id":2551,"date":"2015-09-02T15:22:21","date_gmt":"2015-09-02T19:22:21","guid":{"rendered":"http:\/\/arundel.ca\/?page_id=2551"},"modified":"2026-04-10T11:55:37","modified_gmt":"2026-04-10T15:55:37","slug":"role-devaluation","status":"publish","type":"page","link":"https:\/\/arundel.ca\/en\/publications\/role-devaluation\/","title":{"rendered":"Property Assessment Roll"},"content":{"rendered":"<div class=\"pf-content\"><p>[vc_row][vc_column][vc_column_text]<\/p>\n<div class=\"sec-heading\">\n<h2>Property assessment roll<\/h2>\n<\/div>\n<p>The assessment roll is an inventory of all buildings located on the territory of the municipality of Arundel. It indicates the value of each property on the basis of its actual or market value.<\/p>\n<p>Under the Municipal Taxation Act, the MRC des Laurentides Evaluation Service produces and maintains the assessment roll for the 20 municipalities on its territory.<\/p>\n<p>For questions or information regarding property assessment or the assessment roll, please consult the MRC des Laurentides website, section <a href=\"https:\/\/en.mrclaurentides.qc.ca\/property-assessment\/\" target=\"_blank\" rel=\"noopener noreferrer\">Property Assessment<\/a>.<\/p>\n<h4>Summary of the assessment roll (French documents)<\/h4>\n<ul>\n<li><a href=\"https:\/\/arundel.ca\/wp-content\/uploads\/2026\/04\/208-11-Sommaire-du-role-2026-01-01.pdf\">Summary of the assessment role: 2026<\/a><\/li>\n<li><a href=\"https:\/\/arundel.ca\/wp-content\/uploads\/2024\/09\/2024_09_sommaire_78060_depot_role_2025.pdf\">Summary of the assessment roll : 2025<\/a><\/li>\n<li><a href=\"https:\/\/arundel.ca\/wp-content\/uploads\/2023\/09\/2023_07_Sommaire-du-role_78060.pdf\">Sommary of the assessment role: 2024<\/a><\/li>\n<li><a href=\"https:\/\/arundel.ca\/wp-content\/uploads\/2023\/03\/2022_09_Sommaire_78060_depot_role_2023.pdf\" target=\"_blank\" rel=\"noopener\">Summary of the assessment role: 2023<\/a><\/li>\n<li><a href=\"https:\/\/arundel.ca\/wp-content\/uploads\/2023\/03\/2021_09_Role_78060_depot_role_2022.pdf\" target=\"_blank\" rel=\"noopener\">Summary of the assessment role: 2022<\/a><\/li>\n<li><a href=\"https:\/\/arundel.ca\/wp-content\/uploads\/2020\/12\/Sommaire-du-r\u00f4le-2021-2020-08-20.pdf\">Summary of the assessment role: 2021<\/a><\/li>\n<li><a href=\"https:\/\/arundel.ca\/wp-content\/uploads\/2020\/12\/208-111-Sommaire-d\u00e9p\u00f4t-du-r\u00f4le-2020.pdf\">Summary of the assessment role: 2020<\/a><\/li>\n<li><a href=\"http:\/\/arundel.ca\/wp-content\/uploads\/2015\/05\/Sommaire-du-role-2019.pdf\">Summary of the assessment role: 2019<\/a><\/li>\n<li><a href=\"http:\/\/arundel.ca\/wp-content\/uploads\/2015\/05\/2017_08_Sommaire-du-role_78060_Depot_Role_2018.pdf\" target=\"_blank\" rel=\"noopener noreferrer\">Summary of the assessment role: 2018<\/a><\/li>\n<li><a href=\"http:\/\/arundel.ca\/wp-content\/uploads\/2015\/05\/2016_08_Sommaire-du-role_78060_depot_role_2017.pdf\" target=\"_blank\" rel=\"noopener noreferrer\">Summary of the assessment role: 2017<\/a><\/li>\n<li><a href=\"http:\/\/arundel.ca\/wp-content\/uploads\/2016\/01\/2015_09_Sommaire_78060_depot_role_2016.pdf\" target=\"_blank\" rel=\"noopener noreferrer\">Summary of the assessment role: 2016<\/a><\/li>\n<li><a href=\"http:\/\/arundel.ca\/wp-content\/uploads\/2016\/01\/2014_08_Sommaire_78060_depot_role_2015.pdf\" target=\"_blank\" rel=\"noopener noreferrer\">Summary of the assessment role: 2015<\/a><\/li>\n<\/ul>\n<h4>Consult a property evaluation sheet<\/h4>\n<ul>\n<li><\/li>\n<li>\n<h4>\u00a0Consultation &#8211; la carte MRC pour l&#8217;information des fiches d&#8217;\u00e9valuation d&#8217;une propri\u00e9t\u00e9<\/h4>\n<p>Click on the map step 1.<\/p>\n<ol>\n<li>Use the<a href=\"https:\/\/mrclaurentides.qc.ca\/cartographie-publique\/\"> geomatics service of MRC des Laurentides<\/a><\/li>\n<li>Choose:<strong> Cartographie pour la grand public<\/strong><\/li>\n<li><strong>Accepte<\/strong><\/li>\n<li>Click and choose your <strong>selection de la municipalit\u00e9<\/strong><\/li>\n<li>Zoom in to see matricule #( 10 digit number)<\/li>\n<li>Click on <strong>recherche<\/strong> on the left and write the #matricule (10 digit number)<\/li>\n<li>Click on<strong> je ne suis pas un robo<\/strong>t et<strong> lancer la recherche<\/strong><\/li>\n<li>The list with all the information is on the left.<\/li>\n<\/ol>\n<p>&nbsp;<\/li>\n<\/ul>\n<p><span lang=\"en\"><a href=\"http:\/\/arundel.ca\/en\/contact\/\" target=\"_blank\" rel=\"noopener noreferrer\">Contact US<\/a><\/span>[\/vc_column_text][\/vc_column][\/vc_row]<\/p>\n<\/div>","protected":false},"excerpt":{"rendered":"<p>[vc_row][vc_column][vc_column_text] Property assessment roll The assessment roll is an inventory of all buildings located on the territory of the municipality of Arundel. It indicates the value of each property on the basis of its actual or market value. Under the Municipal Taxation Act, the MRC des Laurentides Evaluation Service produces and maintains the assessment roll<\/p>\n","protected":false},"author":3,"featured_media":0,"parent":1993,"menu_order":0,"comment_status":"open","ping_status":"closed","template":"","meta":{"footnotes":""},"class_list":["post-2551","page","type-page","status-publish","hentry"],"yoast_head":"<!-- This site is optimized with the Yoast SEO plugin v27.0 - https:\/\/yoast.com\/product\/yoast-seo-wordpress\/ -->\n<title>Property Assessment Roll - Arundel<\/title>\n<meta name=\"robots\" content=\"index, follow, max-snippet:-1, max-image-preview:large, max-video-preview:-1\" \/>\n<link rel=\"canonical\" href=\"https:\/\/arundel.ca\/en\/publications\/role-devaluation\/\" \/>\n<meta property=\"og:locale\" content=\"en_US\" \/>\n<meta property=\"og:type\" content=\"article\" \/>\n<meta property=\"og:title\" content=\"Property Assessment Roll - Arundel\" \/>\n<meta property=\"og:description\" content=\"[vc_row][vc_column][vc_column_text] Property assessment roll The assessment roll is an inventory of all buildings located on the territory of the municipality of Arundel. It indicates the value of each property on the basis of its actual or market value. Under the Municipal Taxation Act, the MRC des Laurentides Evaluation Service produces and maintains the assessment roll\" \/>\n<meta property=\"og:url\" content=\"https:\/\/arundel.ca\/en\/publications\/role-devaluation\/\" \/>\n<meta property=\"og:site_name\" content=\"Arundel\" \/>\n<meta property=\"article:modified_time\" content=\"2026-04-10T15:55:37+00:00\" \/>\n<meta name=\"twitter:card\" content=\"summary_large_image\" \/>\n<meta name=\"twitter:label1\" content=\"Est. reading time\" \/>\n\t<meta name=\"twitter:data1\" content=\"2 minutes\" \/>\n<script type=\"application\/ld+json\" class=\"yoast-schema-graph\">{\"@context\":\"https:\/\/schema.org\",\"@graph\":[{\"@type\":\"WebPage\",\"@id\":\"https:\/\/arundel.ca\/en\/publications\/role-devaluation\/\",\"url\":\"https:\/\/arundel.ca\/en\/publications\/role-devaluation\/\",\"name\":\"Property Assessment Roll - Arundel\",\"isPartOf\":{\"@id\":\"https:\/\/arundel.ca\/#website\"},\"datePublished\":\"2015-09-02T19:22:21+00:00\",\"dateModified\":\"2026-04-10T15:55:37+00:00\",\"breadcrumb\":{\"@id\":\"https:\/\/arundel.ca\/en\/publications\/role-devaluation\/#breadcrumb\"},\"inLanguage\":\"en-US\",\"potentialAction\":[{\"@type\":\"ReadAction\",\"target\":[\"https:\/\/arundel.ca\/en\/publications\/role-devaluation\/\"]}]},{\"@type\":\"BreadcrumbList\",\"@id\":\"https:\/\/arundel.ca\/en\/publications\/role-devaluation\/#breadcrumb\",\"itemListElement\":[{\"@type\":\"ListItem\",\"position\":1,\"name\":\"Home\",\"item\":\"https:\/\/arundel.ca\/en\/\"},{\"@type\":\"ListItem\",\"position\":2,\"name\":\"Publications\",\"item\":\"https:\/\/arundel.ca\/en\/publications\/\"},{\"@type\":\"ListItem\",\"position\":3,\"name\":\"Property Assessment Roll\"}]},{\"@type\":\"WebSite\",\"@id\":\"https:\/\/arundel.ca\/#website\",\"url\":\"https:\/\/arundel.ca\/\",\"name\":\"Arundel\",\"description\":\"\",\"potentialAction\":[{\"@type\":\"SearchAction\",\"target\":{\"@type\":\"EntryPoint\",\"urlTemplate\":\"https:\/\/arundel.ca\/?s={search_term_string}\"},\"query-input\":{\"@type\":\"PropertyValueSpecification\",\"valueRequired\":true,\"valueName\":\"search_term_string\"}}],\"inLanguage\":\"en-US\"}]}<\/script>\n<!-- \/ Yoast SEO plugin. -->","yoast_head_json":{"title":"Property Assessment Roll - Arundel","robots":{"index":"index","follow":"follow","max-snippet":"max-snippet:-1","max-image-preview":"max-image-preview:large","max-video-preview":"max-video-preview:-1"},"canonical":"https:\/\/arundel.ca\/en\/publications\/role-devaluation\/","og_locale":"en_US","og_type":"article","og_title":"Property Assessment Roll - Arundel","og_description":"[vc_row][vc_column][vc_column_text] Property assessment roll The assessment roll is an inventory of all buildings located on the territory of the municipality of Arundel. It indicates the value of each property on the basis of its actual or market value. Under the Municipal Taxation Act, the MRC des Laurentides Evaluation Service produces and maintains the assessment roll","og_url":"https:\/\/arundel.ca\/en\/publications\/role-devaluation\/","og_site_name":"Arundel","article_modified_time":"2026-04-10T15:55:37+00:00","twitter_card":"summary_large_image","twitter_misc":{"Est. reading time":"2 minutes"},"schema":{"@context":"https:\/\/schema.org","@graph":[{"@type":"WebPage","@id":"https:\/\/arundel.ca\/en\/publications\/role-devaluation\/","url":"https:\/\/arundel.ca\/en\/publications\/role-devaluation\/","name":"Property Assessment Roll - Arundel","isPartOf":{"@id":"https:\/\/arundel.ca\/#website"},"datePublished":"2015-09-02T19:22:21+00:00","dateModified":"2026-04-10T15:55:37+00:00","breadcrumb":{"@id":"https:\/\/arundel.ca\/en\/publications\/role-devaluation\/#breadcrumb"},"inLanguage":"en-US","potentialAction":[{"@type":"ReadAction","target":["https:\/\/arundel.ca\/en\/publications\/role-devaluation\/"]}]},{"@type":"BreadcrumbList","@id":"https:\/\/arundel.ca\/en\/publications\/role-devaluation\/#breadcrumb","itemListElement":[{"@type":"ListItem","position":1,"name":"Home","item":"https:\/\/arundel.ca\/en\/"},{"@type":"ListItem","position":2,"name":"Publications","item":"https:\/\/arundel.ca\/en\/publications\/"},{"@type":"ListItem","position":3,"name":"Property Assessment Roll"}]},{"@type":"WebSite","@id":"https:\/\/arundel.ca\/#website","url":"https:\/\/arundel.ca\/","name":"Arundel","description":"","potentialAction":[{"@type":"SearchAction","target":{"@type":"EntryPoint","urlTemplate":"https:\/\/arundel.ca\/?s={search_term_string}"},"query-input":{"@type":"PropertyValueSpecification","valueRequired":true,"valueName":"search_term_string"}}],"inLanguage":"en-US"}]}},"_links":{"self":[{"href":"https:\/\/arundel.ca\/en\/wp-json\/wp\/v2\/pages\/2551","targetHints":{"allow":["GET"]}}],"collection":[{"href":"https:\/\/arundel.ca\/en\/wp-json\/wp\/v2\/pages"}],"about":[{"href":"https:\/\/arundel.ca\/en\/wp-json\/wp\/v2\/types\/page"}],"author":[{"embeddable":true,"href":"https:\/\/arundel.ca\/en\/wp-json\/wp\/v2\/users\/3"}],"replies":[{"embeddable":true,"href":"https:\/\/arundel.ca\/en\/wp-json\/wp\/v2\/comments?post=2551"}],"version-history":[{"count":25,"href":"https:\/\/arundel.ca\/en\/wp-json\/wp\/v2\/pages\/2551\/revisions"}],"predecessor-version":[{"id":19562,"href":"https:\/\/arundel.ca\/en\/wp-json\/wp\/v2\/pages\/2551\/revisions\/19562"}],"up":[{"embeddable":true,"href":"https:\/\/arundel.ca\/en\/wp-json\/wp\/v2\/pages\/1993"}],"wp:attachment":[{"href":"https:\/\/arundel.ca\/en\/wp-json\/wp\/v2\/media?parent=2551"}],"curies":[{"name":"wp","href":"https:\/\/api.w.org\/{rel}","templated":true}]}}