{"id":1976,"date":"2015-08-17T13:05:45","date_gmt":"2015-08-17T17:05:45","guid":{"rendered":"http:\/\/arundel.ca\/?page_id=1976"},"modified":"2025-12-28T12:37:57","modified_gmt":"2025-12-28T17:37:57","slug":"waste-material","status":"publish","type":"page","link":"https:\/\/arundel.ca\/en\/services-municipaux-2\/waste-material\/","title":{"rendered":"Residual Materials"},"content":{"rendered":"<div class=\"pf-content\"><p>[vc_row][vc_column width=&#8221;1\/2&#8243;][vc_column_text]<\/p>\n<h2>Recycling pays off!<\/h2>\n<p>Think first of recycling when you dispose of your waste. Recycling allows substantial savings to the municipality and taxpayers while contributing directly to maintain a healthy and sustainable environment.<\/p>\n<h4>I recycle , I save!<\/h4>\n<p>[\/vc_column_text][\/vc_column][vc_column width=&#8221;1\/2&#8243;][vc_column_text]<img loading=\"lazy\" decoding=\"async\" class=\"alignleft wp-image-1904\" src=\"http:\/\/arundel.ca\/wp-content\/uploads\/2015\/05\/recyclage-300x300.png\" alt=\"recyclage\" width=\"210\" height=\"210\" srcset=\"https:\/\/arundel.ca\/wp-content\/uploads\/2015\/05\/recyclage-300x300.png 300w, https:\/\/arundel.ca\/wp-content\/uploads\/2015\/05\/recyclage-150x150.png 150w, https:\/\/arundel.ca\/wp-content\/uploads\/2015\/05\/recyclage-570x570.png 570w, https:\/\/arundel.ca\/wp-content\/uploads\/2015\/05\/recyclage.png 640w\" sizes=\"auto, (max-width: 210px) 100vw, 210px\" \/>[\/vc_column_text][\/vc_column][\/vc_row][vc_row][vc_column][vc_column_text]<\/p>\n<div class=\"sec-heading\">\n<h2 style=\"text-align: left;\">Collection calendar<\/h2>\n<h5>(Collecting organization: RIMRO (R\u00e9gie intermunicipale des mati\u00e8res r\u00e9siduelles de l&#8217;ouest))<\/h5>\n<\/div>\n<h1 style=\"text-align: left;\"><strong><a href=\"https:\/\/arundel.ca\/wp-content\/uploads\/2025\/12\/Arundel-2026-ENG-web.pdf\"><span style=\"text-decoration: underline;\">Click Here<\/span><\/a>\u00a0 for the 2026 collection calendar<\/strong><\/h1>\n<div class=\"sec-heading\" style=\"text-align: left;\">\n<div class=\"sec-heading\">\n<p>&nbsp;<\/p>\n<div class=\"sec-heading\" style=\"text-align: left;\">\n<div class=\"sec-heading\">\n<h2>Information capsule<\/h2>\n<p>Starting January 1, 2025:<\/p>\n<p>A province-wide modernization of recyclables collection for :<\/p>\n<ul>\n<li>Uniformity of materials in the bin<\/li>\n<li>Simplicity of materials accepted<\/li>\n<li>Traceability of materials<\/li>\n<li>Quality control<\/li>\n<li>Local and neighbouring recycling<\/li>\n<\/ul>\n<p>And all this under the responsibility of the companies that market the containers, packaging and printed matter &#8211; the producers.<\/p>\n<p>That&#8217;s right! Via \u00c9co Entreprises Qu\u00e9bec (EEQ), producers are now responsible for the end-of-life management of their materials, finding outlets and financing the recovery and recycling system.<\/p>\n<p><strong>See the new list of recyclable materials accepted in the recycling bin as of January 1, 2025:<\/strong><\/p>\n<p>&nbsp;<\/p>\n<p><a href=\"https:\/\/arundel.ca\/wp-content\/uploads\/2024\/12\/BACIMPACT_LISTE_MATIERES_ENG_pdf-scaled.jpg\"><img loading=\"lazy\" decoding=\"async\" class=\" wp-image-17593 aligncenter\" src=\"https:\/\/arundel.ca\/wp-content\/uploads\/2024\/12\/BACIMPACT_LISTE_MATIERES_ENG_pdf-300x232.jpg\" alt=\"\" width=\"338\" height=\"261\" srcset=\"https:\/\/arundel.ca\/wp-content\/uploads\/2024\/12\/BACIMPACT_LISTE_MATIERES_ENG_pdf-300x232.jpg 300w, https:\/\/arundel.ca\/wp-content\/uploads\/2024\/12\/BACIMPACT_LISTE_MATIERES_ENG_pdf-1024x791.jpg 1024w, https:\/\/arundel.ca\/wp-content\/uploads\/2024\/12\/BACIMPACT_LISTE_MATIERES_ENG_pdf-768x593.jpg 768w, https:\/\/arundel.ca\/wp-content\/uploads\/2024\/12\/BACIMPACT_LISTE_MATIERES_ENG_pdf-1536x1187.jpg 1536w, https:\/\/arundel.ca\/wp-content\/uploads\/2024\/12\/BACIMPACT_LISTE_MATIERES_ENG_pdf-2048x1583.jpg 2048w\" sizes=\"auto, (max-width: 338px) 100vw, 338px\" \/><\/a><\/p>\n<p>Just one question to ask: <strong>is it a container, packaging or printed matter?<\/strong><\/p>\n<p>Yes, then Place in the bin!<\/p>\n<ul>\n<li>All plastic food containers and other containers, even number 6!<\/li>\n<li>Even polystyrene trays (except polystyrene used in construction or packaging protection &#8211; eco-center or local voluntary deposit)<\/li>\n<li>Even non-stretchable plastic bags (except degratable or compostable bags, which go in the black bin or eco-center)<\/li>\n<\/ul>\n<p>To learn more about recyclable materials, follow the link to the MRC des Laurentides website: <a href=\"http:\/\/: https:\/\/traindeviedurable.com\/matieres-recyclables\/\">http:\/\/: https:\/\/traindeviedurable.com\/matieres-recyclables\/<\/a><\/p>\n<p>Also follow EEQ at the following link : <a href=\"https:\/\/binimpact.ca\/?_gl=1*1cm5vu8*_ga*MTA5Mjk3MTM3Ny4xNzMzOTQ5OTQy*_ga_SQ5J0M7NXF*MTczMzk0OTk0Mi4xLjAuMTczMzk0OTk0OC41NC4wLjA.\">https:\/\/binimpact.ca<\/a><\/p>\n<h2>Green patrol<\/h2>\n<p>Starting January 1, 2025, an environmental awareness officer (green patrol) mandated by RIMRO to inform the public about best practices for sorting residual materials at source in your bins, will circulate throughout the territory on collection days to inspect our bins and leave notices of corrections, if necessary, on bins containing non-compliant materials. The aim is to reduce bin contamination and improve material detour and recycling, as required by EEQ.<\/p>\n<h2><a href=\"https:\/\/arundel.ca\/wp-content\/uploads\/2024\/12\/Ecocentre-940x675-1.png\"><img loading=\"lazy\" decoding=\"async\" class=\"size-medium wp-image-17643 aligncenter\" src=\"https:\/\/arundel.ca\/wp-content\/uploads\/2024\/12\/Ecocentre-940x675-1-300x215.png\" alt=\"\" width=\"300\" height=\"215\" srcset=\"https:\/\/arundel.ca\/wp-content\/uploads\/2024\/12\/Ecocentre-940x675-1-300x215.png 300w, https:\/\/arundel.ca\/wp-content\/uploads\/2024\/12\/Ecocentre-940x675-1-768x551.png 768w, https:\/\/arundel.ca\/wp-content\/uploads\/2024\/12\/Ecocentre-940x675-1.png 940w\" sizes=\"auto, (max-width: 300px) 100vw, 300px\" \/><\/a><\/h2>\n<h2>Residual materials management is under the MRC des Laurentides responsibility<\/h2>\n<\/div>\n<p class=\"tw-data-text vk_txt tw-ta tw-text-small\" dir=\"ltr\" style=\"text-align: left;\" data-placeholder=\"Traduction\"><span lang=\"en\">The collection of residual materials (household waste and recyclables) is under the supervision of the MRC des Laurentides. Centralized residual materials management allows all municipalities to achieve significant savings. <\/span><\/p>\n<p class=\"tw-data-text vk_txt tw-ta tw-text-small\" dir=\"ltr\" style=\"text-align: left;\" data-placeholder=\"Traduction\"><span lang=\"en\">We invite you to visit the MRC des Laurentides residual materials webpages at : <a href=\"http:\/\/www.mrclaurentides.qc.ca\/responsabilites\/matieres-residuelles\/\" target=\"_blank\" rel=\"noopener noreferrer\">http:\/\/www.mrclaurentides.qc.ca\/responsabilites\/matieres-residuelles\/<\/a>. Here you will find information about schedules, collection instructions, lists of recyclable materials, contact information on Ecocentres (materials accepted) and newsletters. <\/span><\/p>\n<h2 dir=\"ltr\" style=\"text-align: left;\" data-placeholder=\"Traduction\">MRC des Laurentides &#8211; Ecocenters<\/h2>\n<p style=\"text-align: left;\"><a href=\"https:\/\/www.traindeviedurable.com\/ecocentres\/\">General information and instructions<\/a><\/p>\n<h4 style=\"text-align: justify;\"><a href=\"https:\/\/arundel.ca\/wp-content\/uploads\/2024\/12\/Ecocentre-940x675-1.png\"><img loading=\"lazy\" decoding=\"async\" class=\"size-medium wp-image-17642 aligncenter\" src=\"https:\/\/arundel.ca\/wp-content\/uploads\/2024\/12\/Ecocentre-940x675-1-300x215.png\" alt=\"\" width=\"300\" height=\"215\" srcset=\"https:\/\/arundel.ca\/wp-content\/uploads\/2024\/12\/Ecocentre-940x675-1-300x215.png 300w, https:\/\/arundel.ca\/wp-content\/uploads\/2024\/12\/Ecocentre-940x675-1-768x551.png 768w, https:\/\/arundel.ca\/wp-content\/uploads\/2024\/12\/Ecocentre-940x675-1.png 940w\" sizes=\"auto, (max-width: 300px) 100vw, 300px\" \/><\/a><\/h4>\n<p>Arundel residents have free access to the Huberdeau and Mont-Tremblant ecocentres, with proof of residency.<\/p>\n<p>[\/vc_column_text][\/vc_column][\/vc_row]<\/p>\n<\/div>\n<\/div>\n<\/div>\n<\/div>","protected":false},"excerpt":{"rendered":"<p>[vc_row][vc_column width=&#8221;1\/2&#8243;][vc_column_text] Recycling pays off! Think first of recycling when you dispose of your waste. Recycling allows substantial savings to the municipality and taxpayers while contributing directly to maintain a healthy and sustainable environment. I recycle , I save! [\/vc_column_text][\/vc_column][vc_column width=&#8221;1\/2&#8243;][vc_column_text][\/vc_column_text][\/vc_column][\/vc_row][vc_row][vc_column][vc_column_text] Collection calendar (Collecting organization: RIMRO (R\u00e9gie intermunicipale des mati\u00e8res r\u00e9siduelles de l&#8217;ouest)) Click Here\u00a0<\/p>\n","protected":false},"author":3,"featured_media":0,"parent":2581,"menu_order":0,"comment_status":"open","ping_status":"closed","template":"","meta":{"footnotes":""},"class_list":["post-1976","page","type-page","status-publish","hentry"],"yoast_head":"<!-- This site is optimized with the Yoast SEO plugin v27.0 - https:\/\/yoast.com\/product\/yoast-seo-wordpress\/ -->\n<title>Residual Materials - Arundel<\/title>\n<meta name=\"robots\" content=\"index, follow, max-snippet:-1, max-image-preview:large, max-video-preview:-1\" \/>\n<link rel=\"canonical\" href=\"https:\/\/arundel.ca\/en\/services-municipaux-2\/waste-material\/\" \/>\n<meta property=\"og:locale\" content=\"en_US\" \/>\n<meta property=\"og:type\" content=\"article\" \/>\n<meta property=\"og:title\" content=\"Residual Materials - Arundel\" \/>\n<meta property=\"og:description\" content=\"[vc_row][vc_column width=&#8221;1\/2&#8243;][vc_column_text] Recycling pays off! Think first of recycling when you dispose of your waste. Recycling allows substantial savings to the municipality and taxpayers while contributing directly to maintain a healthy and sustainable environment. I recycle , I save! [\/vc_column_text][\/vc_column][vc_column width=&#8221;1\/2&#8243;][vc_column_text][\/vc_column_text][\/vc_column][\/vc_row][vc_row][vc_column][vc_column_text] Collection calendar (Collecting organization: RIMRO (R\u00e9gie intermunicipale des mati\u00e8res r\u00e9siduelles de l&#8217;ouest)) Click Here\u00a0\" \/>\n<meta property=\"og:url\" content=\"https:\/\/arundel.ca\/en\/services-municipaux-2\/waste-material\/\" \/>\n<meta property=\"og:site_name\" content=\"Arundel\" \/>\n<meta property=\"article:modified_time\" content=\"2025-12-28T17:37:57+00:00\" \/>\n<meta property=\"og:image\" content=\"http:\/\/arundel.ca\/wp-content\/uploads\/2015\/05\/recyclage-300x300.png\" \/>\n<meta name=\"twitter:card\" content=\"summary_large_image\" \/>\n<meta name=\"twitter:label1\" content=\"Est. reading time\" \/>\n\t<meta name=\"twitter:data1\" content=\"3 minutes\" \/>\n<script type=\"application\/ld+json\" class=\"yoast-schema-graph\">{\"@context\":\"https:\/\/schema.org\",\"@graph\":[{\"@type\":\"WebPage\",\"@id\":\"https:\/\/arundel.ca\/en\/services-municipaux-2\/waste-material\/\",\"url\":\"https:\/\/arundel.ca\/en\/services-municipaux-2\/waste-material\/\",\"name\":\"Residual Materials - Arundel\",\"isPartOf\":{\"@id\":\"https:\/\/arundel.ca\/#website\"},\"primaryImageOfPage\":{\"@id\":\"https:\/\/arundel.ca\/en\/services-municipaux-2\/waste-material\/#primaryimage\"},\"image\":{\"@id\":\"https:\/\/arundel.ca\/en\/services-municipaux-2\/waste-material\/#primaryimage\"},\"thumbnailUrl\":\"http:\/\/arundel.ca\/wp-content\/uploads\/2015\/05\/recyclage-300x300.png\",\"datePublished\":\"2015-08-17T17:05:45+00:00\",\"dateModified\":\"2025-12-28T17:37:57+00:00\",\"breadcrumb\":{\"@id\":\"https:\/\/arundel.ca\/en\/services-municipaux-2\/waste-material\/#breadcrumb\"},\"inLanguage\":\"en-US\",\"potentialAction\":[{\"@type\":\"ReadAction\",\"target\":[\"https:\/\/arundel.ca\/en\/services-municipaux-2\/waste-material\/\"]}]},{\"@type\":\"ImageObject\",\"inLanguage\":\"en-US\",\"@id\":\"https:\/\/arundel.ca\/en\/services-municipaux-2\/waste-material\/#primaryimage\",\"url\":\"http:\/\/arundel.ca\/wp-content\/uploads\/2015\/05\/recyclage-300x300.png\",\"contentUrl\":\"http:\/\/arundel.ca\/wp-content\/uploads\/2015\/05\/recyclage-300x300.png\"},{\"@type\":\"BreadcrumbList\",\"@id\":\"https:\/\/arundel.ca\/en\/services-municipaux-2\/waste-material\/#breadcrumb\",\"itemListElement\":[{\"@type\":\"ListItem\",\"position\":1,\"name\":\"Home\",\"item\":\"https:\/\/arundel.ca\/en\/\"},{\"@type\":\"ListItem\",\"position\":2,\"name\":\"Municipal Services\",\"item\":\"https:\/\/arundel.ca\/en\/services-municipaux-2\/\"},{\"@type\":\"ListItem\",\"position\":3,\"name\":\"Residual Materials\"}]},{\"@type\":\"WebSite\",\"@id\":\"https:\/\/arundel.ca\/#website\",\"url\":\"https:\/\/arundel.ca\/\",\"name\":\"Arundel\",\"description\":\"\",\"potentialAction\":[{\"@type\":\"SearchAction\",\"target\":{\"@type\":\"EntryPoint\",\"urlTemplate\":\"https:\/\/arundel.ca\/?s={search_term_string}\"},\"query-input\":{\"@type\":\"PropertyValueSpecification\",\"valueRequired\":true,\"valueName\":\"search_term_string\"}}],\"inLanguage\":\"en-US\"}]}<\/script>\n<!-- \/ Yoast SEO plugin. -->","yoast_head_json":{"title":"Residual Materials - Arundel","robots":{"index":"index","follow":"follow","max-snippet":"max-snippet:-1","max-image-preview":"max-image-preview:large","max-video-preview":"max-video-preview:-1"},"canonical":"https:\/\/arundel.ca\/en\/services-municipaux-2\/waste-material\/","og_locale":"en_US","og_type":"article","og_title":"Residual Materials - Arundel","og_description":"[vc_row][vc_column width=&#8221;1\/2&#8243;][vc_column_text] Recycling pays off! Think first of recycling when you dispose of your waste. Recycling allows substantial savings to the municipality and taxpayers while contributing directly to maintain a healthy and sustainable environment. I recycle , I save! [\/vc_column_text][\/vc_column][vc_column width=&#8221;1\/2&#8243;][vc_column_text][\/vc_column_text][\/vc_column][\/vc_row][vc_row][vc_column][vc_column_text] Collection calendar (Collecting organization: RIMRO (R\u00e9gie intermunicipale des mati\u00e8res r\u00e9siduelles de l&#8217;ouest)) Click Here\u00a0","og_url":"https:\/\/arundel.ca\/en\/services-municipaux-2\/waste-material\/","og_site_name":"Arundel","article_modified_time":"2025-12-28T17:37:57+00:00","og_image":[{"url":"http:\/\/arundel.ca\/wp-content\/uploads\/2015\/05\/recyclage-300x300.png","type":"","width":"","height":""}],"twitter_card":"summary_large_image","twitter_misc":{"Est. reading time":"3 minutes"},"schema":{"@context":"https:\/\/schema.org","@graph":[{"@type":"WebPage","@id":"https:\/\/arundel.ca\/en\/services-municipaux-2\/waste-material\/","url":"https:\/\/arundel.ca\/en\/services-municipaux-2\/waste-material\/","name":"Residual Materials - Arundel","isPartOf":{"@id":"https:\/\/arundel.ca\/#website"},"primaryImageOfPage":{"@id":"https:\/\/arundel.ca\/en\/services-municipaux-2\/waste-material\/#primaryimage"},"image":{"@id":"https:\/\/arundel.ca\/en\/services-municipaux-2\/waste-material\/#primaryimage"},"thumbnailUrl":"http:\/\/arundel.ca\/wp-content\/uploads\/2015\/05\/recyclage-300x300.png","datePublished":"2015-08-17T17:05:45+00:00","dateModified":"2025-12-28T17:37:57+00:00","breadcrumb":{"@id":"https:\/\/arundel.ca\/en\/services-municipaux-2\/waste-material\/#breadcrumb"},"inLanguage":"en-US","potentialAction":[{"@type":"ReadAction","target":["https:\/\/arundel.ca\/en\/services-municipaux-2\/waste-material\/"]}]},{"@type":"ImageObject","inLanguage":"en-US","@id":"https:\/\/arundel.ca\/en\/services-municipaux-2\/waste-material\/#primaryimage","url":"http:\/\/arundel.ca\/wp-content\/uploads\/2015\/05\/recyclage-300x300.png","contentUrl":"http:\/\/arundel.ca\/wp-content\/uploads\/2015\/05\/recyclage-300x300.png"},{"@type":"BreadcrumbList","@id":"https:\/\/arundel.ca\/en\/services-municipaux-2\/waste-material\/#breadcrumb","itemListElement":[{"@type":"ListItem","position":1,"name":"Home","item":"https:\/\/arundel.ca\/en\/"},{"@type":"ListItem","position":2,"name":"Municipal Services","item":"https:\/\/arundel.ca\/en\/services-municipaux-2\/"},{"@type":"ListItem","position":3,"name":"Residual Materials"}]},{"@type":"WebSite","@id":"https:\/\/arundel.ca\/#website","url":"https:\/\/arundel.ca\/","name":"Arundel","description":"","potentialAction":[{"@type":"SearchAction","target":{"@type":"EntryPoint","urlTemplate":"https:\/\/arundel.ca\/?s={search_term_string}"},"query-input":{"@type":"PropertyValueSpecification","valueRequired":true,"valueName":"search_term_string"}}],"inLanguage":"en-US"}]}},"_links":{"self":[{"href":"https:\/\/arundel.ca\/en\/wp-json\/wp\/v2\/pages\/1976","targetHints":{"allow":["GET"]}}],"collection":[{"href":"https:\/\/arundel.ca\/en\/wp-json\/wp\/v2\/pages"}],"about":[{"href":"https:\/\/arundel.ca\/en\/wp-json\/wp\/v2\/types\/page"}],"author":[{"embeddable":true,"href":"https:\/\/arundel.ca\/en\/wp-json\/wp\/v2\/users\/3"}],"replies":[{"embeddable":true,"href":"https:\/\/arundel.ca\/en\/wp-json\/wp\/v2\/comments?post=1976"}],"version-history":[{"count":69,"href":"https:\/\/arundel.ca\/en\/wp-json\/wp\/v2\/pages\/1976\/revisions"}],"predecessor-version":[{"id":19362,"href":"https:\/\/arundel.ca\/en\/wp-json\/wp\/v2\/pages\/1976\/revisions\/19362"}],"up":[{"embeddable":true,"href":"https:\/\/arundel.ca\/en\/wp-json\/wp\/v2\/pages\/2581"}],"wp:attachment":[{"href":"https:\/\/arundel.ca\/en\/wp-json\/wp\/v2\/media?parent=1976"}],"curies":[{"name":"wp","href":"https:\/\/api.w.org\/{rel}","templated":true}]}}